{"id":1216,"date":"2018-05-17T18:44:49","date_gmt":"2018-05-17T18:44:49","guid":{"rendered":"https:\/\/www.apollonlibrarysuites.com\/accommodation\/"},"modified":"2025-05-13T23:44:00","modified_gmt":"2025-05-13T20:44:00","slug":"alojamiento","status":"publish","type":"page","link":"https:\/\/www.apollonlibrarysuites.com\/es\/alojamiento\/","title":{"rendered":"Alojamiento"},"content":{"rendered":"<p>[et_pb_section fb_built=\u00bb1&#8243; _builder_version=\u00bb4.27.4&#8243; background_image=\u00bbhttps:\/\/www.apollonlibrarysuites.com\/wp-content\/uploads\/2025\/05\/accomodation.jpg\u00bb custom_padding=\u00bb80px||80px|\u00bb hover_enabled=\u00bb0&#8243; global_colors_info=\u00bb{}\u00bb title_text=\u00bbaccomodation\u00bb sticky_enabled=\u00bb0&#8243;][et_pb_row _builder_version=\u00bb4.16&#8243; background_size=\u00bbinitial\u00bb background_position=\u00bbtop_left\u00bb background_repeat=\u00bbrepeat\u00bb global_colors_info=\u00bb{}\u00bb][et_pb_column type=\u00bb4_4&#8243; _builder_version=\u00bb4.16&#8243; custom_padding=\u00bb|||\u00bb global_colors_info=\u00bb{}\u00bb custom_padding__hover=\u00bb|||\u00bb][et_pb_text _builder_version=\u00bb4.16&#8243; text_font=\u00bbRoboto Condensed|700||on|||||\u00bb text_text_color=\u00bb#ffffff\u00bb text_font_size=\u00bb48px\u00bb text_letter_spacing=\u00bb5px\u00bb text_line_height=\u00bb48px\u00bb text_orientation=\u00bbcenter\u00bb custom_padding=\u00bb100px||200px|\u00bb text_font_size_tablet=\u00bb36px\u00bb text_font_size_phone=\u00bb\u00bb text_font_size_last_edited=\u00bbon|desktop\u00bb text_line_height_tablet=\u00bb36px\u00bb text_line_height_phone=\u00bb\u00bb text_line_height_last_edited=\u00bbon|desktop\u00bb text_text_shadow_style=\u00bbpreset1&#8243; global_colors_info=\u00bb{}\u00bb]ALOJAMIENTO<br \/>\n[\/et_pb_text][\/et_pb_column][\/et_pb_row][\/et_pb_section][et_pb_section fb_built=\u00bb1&#8243; _builder_version=\u00bb4.16&#8243; global_colors_info=\u00bb{}\u00bb][et_pb_row _builder_version=\u00bb4.16&#8243; global_colors_info=\u00bb{}\u00bb][et_pb_column type=\u00bb4_4&#8243; _builder_version=\u00bb4.16&#8243; custom_padding=\u00bb|||\u00bb global_colors_info=\u00bb{}\u00bb custom_padding__hover=\u00bb|||\u00bb][et_pb_text _builder_version=\u00bb4.16&#8243; text_font=\u00bbRoboto Mono||||||||\u00bb text_font_size=\u00bb16px\u00bb text_orientation=\u00bbcenter\u00bb global_colors_info=\u00bb{}\u00bb]\u00ab TU ESTANCIA EN NAUPACTO: \u00a1UNA EXPERIENCIA ESPECIAL! \u00ab<br \/>\n[\/et_pb_text][\/et_pb_column][\/et_pb_row][et_pb_row _builder_version=\u00bb4.16&#8243; animation_style=\u00bbslide\u00bb global_colors_info=\u00bb{}\u00bb][et_pb_column type=\u00bb4_4&#8243; _builder_version=\u00bb4.16&#8243; custom_padding=\u00bb|||\u00bb global_colors_info=\u00bb{}\u00bb custom_padding__hover=\u00bb|||\u00bb][et_pb_text admin_label=\u00bbACCOMMODATION\u00bb _builder_version=\u00bb4.16&#8243; text_font=\u00bbRoboto Mono||||||||\u00bb header_2_font=\u00bbRoboto Condensed|||on|||||\u00bb header_2_text_align=\u00bbcenter\u00bb header_2_text_color=\u00bb#87764e\u00bb header_2_font_size=\u00bb36px\u00bb text_orientation=\u00bbcenter\u00bb header_2_font_size_tablet=\u00bb28px\u00bb header_2_font_size_phone=\u00bb\u00bb header_2_font_size_last_edited=\u00bbon|tablet\u00bb global_colors_info=\u00bb{}\u00bb]<\/p>\n<h2>ALOJAMIENTO<\/h2>\n<p>[\/et_pb_text][et_pb_text _builder_version=\u00bb4.16&#8243; text_font=\u00bbRoboto Mono||||||||\u00bb global_colors_info=\u00bb{}\u00bb]<\/p>\n<p>Para su estancia en Naupacto, el Apollon Library Suites ofrece suites dobles, triples y cu\u00e1druples, que constan de dos habitaciones. Elegantes y confortables, nuestras suites han sido dise\u00f1adas por una empresa de arquitectura de renombre mundial y tienen un tama\u00f1o generoso de 35-45 metros cuadrados. Decoradas con buen gusto, con muebles a medida y detalles de vanguardia, tambi\u00e9n cuentan con una cocina totalmente equipada y amplios armarios. Las suites con dos habitaciones separadas, ideales para familias, pero tambi\u00e9n para grupos de amigos, constan de un dormitorio con una cama doble y una exclusiva sala de estar con un sof\u00e1- cama que puede acomodar hasta 1 adulto o 2 ni\u00f1os hasta 12 a\u00f1os. El ba\u00f1o, con la cabina de ducha de vidrio, es otra expresi\u00f3n de la elegancia est\u00e9tica de los accesorios.<br \/> La estancia en el Apollon Library Suites est\u00e1 acompa\u00f1ada por un servicio discreto y acogedor: ofrece, seg\u00fan disponibilidad, check-in anticipado y check-out tard\u00edo. Nuestras almohadas y s\u00e1banas perfumadas har\u00e1n que quiera quedarse en la cama el mayor tiempo posible, por lo que servimos nuestro delicioso desayuno tradicional griego hasta las 10:30.<\/p>\n<p>[\/et_pb_text][\/et_pb_column][\/et_pb_row][\/et_pb_section][et_pb_section fb_built=\u00bb1&#8243; _builder_version=\u00bb4.16&#8243; animation_style=\u00bbfade\u00bb global_colors_info=\u00bb{}\u00bb][et_pb_row _builder_version=\u00bb4.16&#8243; global_colors_info=\u00bb{}\u00bb][et_pb_column type=\u00bb4_4&#8243; _builder_version=\u00bb4.16&#8243; custom_padding=\u00bb|||\u00bb global_colors_info=\u00bb{}\u00bb custom_padding__hover=\u00bb|||\u00bb][et_pb_divider color=\u00bb#707070&#8243; _builder_version=\u00bb4.16&#8243; height=\u00bb1px\u00bb custom_margin=\u00bb20px||20px|\u00bb custom_margin_tablet=\u00bb0px||0px|\u00bb custom_margin_phone=\u00bb\u00bb custom_margin_last_edited=\u00bbon|phone\u00bb custom_padding=\u00bb0px||0px|\u00bb global_colors_info=\u00bb{}\u00bb][\/et_pb_divider][\/et_pb_column][\/et_pb_row][\/et_pb_section][et_pb_section fb_built=\u00bb1&#8243; disabled_on=\u00bbon|on|\u00bb _builder_version=\u00bb4.16&#8243; global_colors_info=\u00bb{}\u00bb][et_pb_row _builder_version=\u00bb4.16&#8243; global_colors_info=\u00bb{}\u00bb column_structure=\u00bb1_3,2_3&#8243;][et_pb_column type=\u00bb1_3&#8243; _builder_version=\u00bb4.16&#8243; custom_padding=\u00bb|||\u00bb custom_css_main_element=\u00bbz-index:10;\u00bb global_colors_info=\u00bb{}\u00bb custom_padding__hover=\u00bb|||\u00bb][et_pb_text disabled_on=\u00bboff|off|\u00bb admin_label=\u00bbSuite D\u00faplex\u00bb _builder_version=\u00bb4.16&#8243; text_font=\u00bbRoboto Mono||||||||\u00bb background_color=\u00bbrgba(255,255,255,0.7)\u00bb custom_margin=\u00bb20px|-300px||\u00bb custom_margin_tablet=\u00bb0px|0px||0px\u00bb custom_margin_phone=\u00bb\u00bb custom_margin_last_edited=\u00bbon|desktop\u00bb custom_padding=\u00bb20px|20px|20px|20px\u00bb animation_style=\u00bbslide\u00bb animation_direction=\u00bbleft\u00bb global_colors_info=\u00bb{}\u00bb]<\/p>\n<h3><strong>Suite D\u00faplex<\/strong><\/h3>\n<p>Dos suites de 45 metros cuadrados con dormitorio y sala de estar separados, una cama- doble c\u00f3moda y un sof\u00e1- cama en la sala de estar.<\/p>\n<p><strong>Servicios de habitaciones:<\/strong><\/p>\n<ul>\n<li>aire acondicionado<\/li>\n<li>cuarto de ba\u00f1o moderno con ducha<\/li>\n<li>cocina<\/li>\n<li>nevera<\/li>\n<li>hervidor el\u00e9ctrico<\/li>\n<li>TV de pantalla plana<\/li>\n<li>minibar<\/li>\n<li>caja fuerte<\/li>\n<li>libros<\/li>\n<\/ul>\n<p style=\"text-align: right; margin-top: -40px;\"><a class=\"et_pb_button et_pb_module et_pb_button_0 et_pb_bg_layout_light\" href=\"https:\/\/apollonlibrarysuites.reserve-online.net\/\">Reserve ahora<\/a><\/p>\n<p>[\/et_pb_text][\/et_pb_column][et_pb_column type=\u00bb2_3&#8243; _builder_version=\u00bb4.16&#8243; custom_padding=\u00bb|||\u00bb global_colors_info=\u00bb{}\u00bb custom_padding__hover=\u00bb|||\u00bb][et_pb_gallery gallery_ids=\u00bb414&#8243; fullwidth=\u00bbon\u00bb admin_label=\u00bbDouble Suite &#8211; Desktop\u00bb _builder_version=\u00bb4.16&#8243; animation_style=\u00bbslide\u00bb animation_direction=\u00bbright\u00bb box_shadow_style=\u00bbpreset1&#8243; global_colors_info=\u00bb{}\u00bb][\/et_pb_gallery][\/et_pb_column][\/et_pb_row][\/et_pb_section][et_pb_section fb_built=\u00bb1&#8243; disabled_on=\u00bboff|off|on\u00bb _builder_version=\u00bb4.16&#8243; global_colors_info=\u00bb{}\u00bb][et_pb_row _builder_version=\u00bb4.16&#8243; global_colors_info=\u00bb{}\u00bb column_structure=\u00bb1_2,1_2&#8243;][et_pb_column type=\u00bb1_2&#8243; _builder_version=\u00bb4.16&#8243; custom_padding=\u00bb|||\u00bb custom_css_main_element=\u00bbz-index:10;\u00bb global_colors_info=\u00bb{}\u00bb custom_padding__hover=\u00bb|||\u00bb][et_pb_gallery gallery_ids=\u00bb414&#8243; fullwidth=\u00bbon\u00bb admin_label=\u00bbDouble Suite &#8211; Mobile\u00bb _builder_version=\u00bb4.16&#8243; animation_style=\u00bbslide\u00bb animation_direction=\u00bbright\u00bb box_shadow_style=\u00bbpreset1&#8243; global_colors_info=\u00bb{}\u00bb][\/et_pb_gallery][\/et_pb_column][et_pb_column type=\u00bb1_2&#8243; _builder_version=\u00bb4.16&#8243; custom_padding=\u00bb|||\u00bb global_colors_info=\u00bb{}\u00bb custom_padding__hover=\u00bb|||\u00bb][et_pb_text disabled_on=\u00bboff|off|on\u00bb admin_label=\u00bbSuite D\u00faplex &#8211; Mobile\u00bb _builder_version=\u00bb4.16&#8243; text_font=\u00bbRoboto Mono||||||||\u00bb background_color=\u00bbrgba(255,255,255,0.7)\u00bb custom_margin=\u00bb20px|||\u00bb custom_margin_tablet=\u00bb0px|0px||0px\u00bb custom_margin_phone=\u00bb\u00bb custom_margin_last_edited=\u00bbon|tablet\u00bb custom_padding=\u00bb20px|20px|20px|20px\u00bb animation_style=\u00bbslide\u00bb animation_direction=\u00bbleft\u00bb global_colors_info=\u00bb{}\u00bb]<\/p>\n<h3><strong>Suite D\u00faplex<\/strong><\/h3>\n<p>Dos suites de 45 metros cuadrados con dormitorio y sala de estar separados, una cama- doble c\u00f3moda y un sof\u00e1- cama en la sala de estar.<\/p>\n<p><strong>Servicios de habitaciones:<\/strong><\/p>\n<ul>\n<li>aire acondicionado<\/li>\n<li>cuarto de ba\u00f1o moderno con ducha<\/li>\n<li>cocina<\/li>\n<li>nevera<\/li>\n<li>hervidor el\u00e9ctrico<\/li>\n<li>TV de pantalla plana<\/li>\n<li>minibar<\/li>\n<li>caja fuerte<\/li>\n<li>libros<\/li>\n<\/ul>\n<p style=\"text-align: right; margin-top: -40px;\"><a class=\"et_pb_button et_pb_module et_pb_button_0 et_pb_bg_layout_light\" href=\"https:\/\/apollonlibrarysuites.reserve-online.net\/\">Reserve ahora<\/a><\/p>\n<p>[\/et_pb_text][\/et_pb_column][\/et_pb_row][\/et_pb_section][et_pb_section fb_built=\u00bb1&#8243; _builder_version=\u00bb4.16&#8243; animation_style=\u00bbfade\u00bb global_colors_info=\u00bb{}\u00bb][et_pb_row _builder_version=\u00bb4.16&#8243; global_colors_info=\u00bb{}\u00bb][et_pb_column type=\u00bb4_4&#8243; _builder_version=\u00bb4.16&#8243; custom_padding=\u00bb|||\u00bb global_colors_info=\u00bb{}\u00bb custom_padding__hover=\u00bb|||\u00bb][et_pb_divider color=\u00bb#707070&#8243; _builder_version=\u00bb4.16&#8243; height=\u00bb1px\u00bb custom_margin=\u00bb20px||20px|\u00bb custom_margin_tablet=\u00bb0px||0px|\u00bb custom_margin_phone=\u00bb\u00bb custom_margin_last_edited=\u00bbon|phone\u00bb custom_padding=\u00bb0px||0px|\u00bb global_colors_info=\u00bb{}\u00bb][\/et_pb_divider][\/et_pb_column][\/et_pb_row][\/et_pb_section][et_pb_section fb_built=\u00bb1&#8243; _builder_version=\u00bb4.16&#8243; custom_margin=\u00bb0px|||\u00bb custom_padding=\u00bb0px||60px|\u00bb global_colors_info=\u00bb{}\u00bb][et_pb_row disabled_on=\u00bbon|on|\u00bb _builder_version=\u00bb4.16&#8243; global_colors_info=\u00bb{}\u00bb column_structure=\u00bb1_3,2_3&#8243;][et_pb_column type=\u00bb1_3&#8243; _builder_version=\u00bb4.16&#8243; custom_padding=\u00bb0px|||\u00bb custom_css_main_element=\u00bbz-index:10;\u00bb global_colors_info=\u00bb{}\u00bb custom_padding__hover=\u00bb|||\u00bb][et_pb_text disabled_on=\u00bboff|off|\u00bb admin_label=\u00bbSuite doble est\u00e1ndar\u00bb _builder_version=\u00bb4.16&#8243; text_font=\u00bbRoboto Mono||||||||\u00bb background_color=\u00bbrgba(255,255,255,0.7)\u00bb custom_margin=\u00bb30px|-300px||\u00bb custom_margin_tablet=\u00bb50px|||\u00bb custom_margin_phone=\u00bb\u00bb custom_margin_last_edited=\u00bbon|desktop\u00bb custom_padding=\u00bb20px|20px|20px|20px\u00bb animation_style=\u00bbslide\u00bb animation_direction=\u00bbleft\u00bb global_colors_info=\u00bb{}\u00bb]<\/p>\n<h3><strong>Suite doble est\u00e1ndar<\/strong><\/h3>\n<p>Suite de 35 metros cuadrados de espacio abierto. cama de matrimonio c\u00f3moda de tama\u00f1o queen y sala de estar.<\/p>\n<p><strong>Servicios de habitaciones:<\/strong><\/p>\n<ul>\n<li>aire acondicionado<\/li>\n<li>cuarto de ba\u00f1o moderno con ducha<\/li>\n<li>cocina<\/li>\n<li>nevera<\/li>\n<li>hervidor el\u00e9ctrico<\/li>\n<li>TV de pantalla plana<\/li>\n<li>minibar<\/li>\n<li>caja fuerte<\/li>\n<li>libros<\/li>\n<\/ul>\n<p style=\"text-align: right; margin-top: -40px;\"><a class=\"et_pb_button et_pb_module et_pb_button_0 et_pb_bg_layout_light\" href=\"https:\/\/apollonlibrarysuites.reserve-online.net\/\">Reserve ahora<\/a><\/p>\n<p>[\/et_pb_text][\/et_pb_column][et_pb_column type=\u00bb2_3&#8243; _builder_version=\u00bb4.16&#8243; custom_padding=\u00bb0px|||\u00bb global_colors_info=\u00bb{}\u00bb custom_padding__hover=\u00bb|||\u00bb][et_pb_gallery gallery_ids=\u00bb416&#8243; fullwidth=\u00bbon\u00bb admin_label=\u00bbStandard Suite &#8211; Desktop\u00bb _builder_version=\u00bb4.16&#8243; animation_style=\u00bbslide\u00bb animation_direction=\u00bbright\u00bb box_shadow_style=\u00bbpreset1&#8243; global_colors_info=\u00bb{}\u00bb][\/et_pb_gallery][\/et_pb_column][\/et_pb_row][\/et_pb_section][et_pb_section fb_built=\u00bb1&#8243; _builder_version=\u00bb4.16&#8243; custom_margin=\u00bb0px|||\u00bb custom_padding=\u00bb0px|||\u00bb global_colors_info=\u00bb{}\u00bb][et_pb_row disabled_on=\u00bb||on\u00bb _builder_version=\u00bb4.16&#8243; global_colors_info=\u00bb{}\u00bb column_structure=\u00bb1_2,1_2&#8243;][et_pb_column type=\u00bb1_2&#8243; _builder_version=\u00bb4.16&#8243; custom_padding=\u00bb0px||0px|\u00bb custom_css_main_element=\u00bbz-index:10;\u00bb global_colors_info=\u00bb{}\u00bb custom_padding__hover=\u00bb|||\u00bb][et_pb_gallery gallery_ids=\u00bb416&#8243; fullwidth=\u00bbon\u00bb admin_label=\u00bbStandard Suite &#8211; Mobile\u00bb _builder_version=\u00bb4.16&#8243; animation_style=\u00bbslide\u00bb animation_direction=\u00bbright\u00bb box_shadow_style=\u00bbpreset1&#8243; global_colors_info=\u00bb{}\u00bb][\/et_pb_gallery][\/et_pb_column][et_pb_column type=\u00bb1_2&#8243; _builder_version=\u00bb4.16&#8243; custom_padding=\u00bb0px||0px|\u00bb global_colors_info=\u00bb{}\u00bb custom_padding__hover=\u00bb|||\u00bb][et_pb_text disabled_on=\u00bboff|off|\u00bb admin_label=\u00bbSuite doble est\u00e1ndar &#8211; Mobile\u00bb _builder_version=\u00bb4.16&#8243; text_font=\u00bbRoboto Mono||||||||\u00bb background_color=\u00bbrgba(255,255,255,0.7)\u00bb custom_margin_tablet=\u00bb50px|0px||0px\u00bb custom_margin_phone=\u00bb\u00bb custom_margin_last_edited=\u00bbon|tablet\u00bb custom_padding=\u00bb20px|20px|20px|20px\u00bb animation_style=\u00bbslide\u00bb animation_direction=\u00bbleft\u00bb global_colors_info=\u00bb{}\u00bb]<\/p>\n<h3><strong>Suite doble est\u00e1ndar<\/strong><\/h3>\n<p>Suite de 35 metros cuadrados de espacio abierto. cama de matrimonio c\u00f3moda de tama\u00f1o queen y sala de estar.<\/p>\n<p><strong>Servicios de habitaciones:<\/strong><\/p>\n<ul>\n<li>aire acondicionado<\/li>\n<li>cuarto de ba\u00f1o moderno con ducha<\/li>\n<li>cocina<\/li>\n<li>nevera<\/li>\n<li>hervidor el\u00e9ctrico<\/li>\n<li>TV de pantalla plana<\/li>\n<li>minibar<\/li>\n<li>caja fuerte<\/li>\n<li>libros<\/li>\n<\/ul>\n<p style=\"text-align: right; margin-top: -40px;\"><a class=\"et_pb_button et_pb_module et_pb_button_0 et_pb_bg_layout_light\" href=\"https:\/\/apollonlibrarysuites.reserve-online.net\/\">Reserve ahora<\/a><\/p>\n<p>[\/et_pb_text][\/et_pb_column][\/et_pb_row][\/et_pb_section]<\/p>\n","protected":false},"excerpt":{"rendered":"<p>ALOJAMIENTO \u00ab TU ESTANCIA EN NAUPACTO: \u00a1UNA EXPERIENCIA ESPECIAL! \u00ab ALOJAMIENTO Para su estancia en Naupacto, el Apollon Library Suites ofrece suites dobles, triples y cu\u00e1druples, que constan de dos habitaciones. Elegantes y confortables, nuestras suites han sido dise\u00f1adas por una empresa de arquitectura de renombre mundial y tienen un tama\u00f1o generoso de 35-45 metros [&hellip;]<\/p>\n","protected":false},"author":1,"featured_media":0,"parent":0,"menu_order":0,"comment_status":"closed","ping_status":"closed","template":"","meta":{"_et_pb_use_builder":"on","_et_pb_old_content":"[et_pb_section bb_built=\"1\"][et_pb_row][et_pb_column type=\"4_4\"][et_pb_image _builder_version=\"3.2.2\" src=\"http:\/\/88.99.129.155\/wp-content\/uploads\/2018\/05\/14_accommodation.jpg\" \/][\/et_pb_column][\/et_pb_row][\/et_pb_section]","_et_gb_content_width":"","footnotes":""},"class_list":["post-1216","page","type-page","status-publish","hentry"],"yoast_head":"<!-- This site is optimized with the Yoast SEO Premium plugin v24.6 (Yoast SEO v24.7) - https:\/\/yoast.com\/wordpress\/plugins\/seo\/ -->\n<title>Alojamiento - Apollon<\/title>\n<meta name=\"robots\" content=\"index, follow, max-snippet:-1, max-image-preview:large, max-video-preview:-1\" \/>\n<link rel=\"canonical\" href=\"https:\/\/www.apollonlibrarysuites.com\/es\/alojamiento\/\" \/>\n<meta property=\"og:locale\" content=\"es_ES\" \/>\n<meta property=\"og:type\" content=\"article\" \/>\n<meta property=\"og:title\" content=\"Alojamiento\" \/>\n<meta property=\"og:description\" content=\"ALOJAMIENTO \u00ab TU ESTANCIA EN NAUPACTO: \u00a1UNA EXPERIENCIA ESPECIAL! \u00ab ALOJAMIENTO Para su estancia en Naupacto, el Apollon Library Suites ofrece suites dobles, triples y cu\u00e1druples, que constan de dos habitaciones. Elegantes y confortables, nuestras suites han sido dise\u00f1adas por una empresa de arquitectura de renombre mundial y tienen un tama\u00f1o generoso de 35-45 metros [&hellip;]\" \/>\n<meta property=\"og:url\" content=\"https:\/\/www.apollonlibrarysuites.com\/es\/alojamiento\/\" \/>\n<meta property=\"og:site_name\" content=\"Apollon\" \/>\n<meta property=\"article:modified_time\" content=\"2025-05-13T20:44:00+00:00\" \/>\n<meta property=\"og:image\" content=\"https:\/\/www.apollonlibrarysuites.com\/wp-content\/uploads\/2018\/05\/STANDARD_SUIT.jpg\" \/>\n<meta name=\"twitter:card\" content=\"summary_large_image\" \/>\n<meta name=\"twitter:label1\" content=\"Tiempo de lectura\" \/>\n\t<meta name=\"twitter:data1\" content=\"8 minutos\" \/>\n<script type=\"application\/ld+json\" class=\"yoast-schema-graph\">{\"@context\":\"https:\/\/schema.org\",\"@graph\":[{\"@type\":\"WebPage\",\"@id\":\"https:\/\/www.apollonlibrarysuites.com\/es\/alojamiento\/\",\"url\":\"https:\/\/www.apollonlibrarysuites.com\/es\/alojamiento\/\",\"name\":\"Alojamiento - Apollon\",\"isPartOf\":{\"@id\":\"https:\/\/www.apollonlibrarysuites.com\/es\/#website\"},\"datePublished\":\"2018-05-17T18:44:49+00:00\",\"dateModified\":\"2025-05-13T20:44:00+00:00\",\"breadcrumb\":{\"@id\":\"https:\/\/www.apollonlibrarysuites.com\/es\/alojamiento\/#breadcrumb\"},\"inLanguage\":\"es\",\"potentialAction\":[{\"@type\":\"ReadAction\",\"target\":[\"https:\/\/www.apollonlibrarysuites.com\/es\/alojamiento\/\"]}]},{\"@type\":\"BreadcrumbList\",\"@id\":\"https:\/\/www.apollonlibrarysuites.com\/es\/alojamiento\/#breadcrumb\",\"itemListElement\":[{\"@type\":\"ListItem\",\"position\":1,\"name\":\"Home\",\"item\":\"https:\/\/www.apollonlibrarysuites.com\/es\/\"},{\"@type\":\"ListItem\",\"position\":2,\"name\":\"Alojamiento\"}]},{\"@type\":\"WebSite\",\"@id\":\"https:\/\/www.apollonlibrarysuites.com\/es\/#website\",\"url\":\"https:\/\/www.apollonlibrarysuites.com\/es\/\",\"name\":\"Apollon\",\"description\":\"Library Suites\",\"potentialAction\":[{\"@type\":\"SearchAction\",\"target\":{\"@type\":\"EntryPoint\",\"urlTemplate\":\"https:\/\/www.apollonlibrarysuites.com\/es\/?s={search_term_string}\"},\"query-input\":{\"@type\":\"PropertyValueSpecification\",\"valueRequired\":true,\"valueName\":\"search_term_string\"}}],\"inLanguage\":\"es\"}]}<\/script>\n<!-- \/ Yoast SEO Premium plugin. -->","yoast_head_json":{"title":"Alojamiento - Apollon","robots":{"index":"index","follow":"follow","max-snippet":"max-snippet:-1","max-image-preview":"max-image-preview:large","max-video-preview":"max-video-preview:-1"},"canonical":"https:\/\/www.apollonlibrarysuites.com\/es\/alojamiento\/","og_locale":"es_ES","og_type":"article","og_title":"Alojamiento","og_description":"ALOJAMIENTO \u00ab TU ESTANCIA EN NAUPACTO: \u00a1UNA EXPERIENCIA ESPECIAL! \u00ab ALOJAMIENTO Para su estancia en Naupacto, el Apollon Library Suites ofrece suites dobles, triples y cu\u00e1druples, que constan de dos habitaciones. Elegantes y confortables, nuestras suites han sido dise\u00f1adas por una empresa de arquitectura de renombre mundial y tienen un tama\u00f1o generoso de 35-45 metros [&hellip;]","og_url":"https:\/\/www.apollonlibrarysuites.com\/es\/alojamiento\/","og_site_name":"Apollon","article_modified_time":"2025-05-13T20:44:00+00:00","og_image":[{"url":"https:\/\/www.apollonlibrarysuites.com\/wp-content\/uploads\/2018\/05\/STANDARD_SUIT.jpg","type":"","width":"","height":""}],"twitter_card":"summary_large_image","twitter_misc":{"Tiempo de lectura":"8 minutos"},"schema":{"@context":"https:\/\/schema.org","@graph":[{"@type":"WebPage","@id":"https:\/\/www.apollonlibrarysuites.com\/es\/alojamiento\/","url":"https:\/\/www.apollonlibrarysuites.com\/es\/alojamiento\/","name":"Alojamiento - Apollon","isPartOf":{"@id":"https:\/\/www.apollonlibrarysuites.com\/es\/#website"},"datePublished":"2018-05-17T18:44:49+00:00","dateModified":"2025-05-13T20:44:00+00:00","breadcrumb":{"@id":"https:\/\/www.apollonlibrarysuites.com\/es\/alojamiento\/#breadcrumb"},"inLanguage":"es","potentialAction":[{"@type":"ReadAction","target":["https:\/\/www.apollonlibrarysuites.com\/es\/alojamiento\/"]}]},{"@type":"BreadcrumbList","@id":"https:\/\/www.apollonlibrarysuites.com\/es\/alojamiento\/#breadcrumb","itemListElement":[{"@type":"ListItem","position":1,"name":"Home","item":"https:\/\/www.apollonlibrarysuites.com\/es\/"},{"@type":"ListItem","position":2,"name":"Alojamiento"}]},{"@type":"WebSite","@id":"https:\/\/www.apollonlibrarysuites.com\/es\/#website","url":"https:\/\/www.apollonlibrarysuites.com\/es\/","name":"Apollon","description":"Library Suites","potentialAction":[{"@type":"SearchAction","target":{"@type":"EntryPoint","urlTemplate":"https:\/\/www.apollonlibrarysuites.com\/es\/?s={search_term_string}"},"query-input":{"@type":"PropertyValueSpecification","valueRequired":true,"valueName":"search_term_string"}}],"inLanguage":"es"}]}},"_links":{"self":[{"href":"https:\/\/www.apollonlibrarysuites.com\/es\/wp-json\/wp\/v2\/pages\/1216","targetHints":{"allow":["GET"]}}],"collection":[{"href":"https:\/\/www.apollonlibrarysuites.com\/es\/wp-json\/wp\/v2\/pages"}],"about":[{"href":"https:\/\/www.apollonlibrarysuites.com\/es\/wp-json\/wp\/v2\/types\/page"}],"author":[{"embeddable":true,"href":"https:\/\/www.apollonlibrarysuites.com\/es\/wp-json\/wp\/v2\/users\/1"}],"replies":[{"embeddable":true,"href":"https:\/\/www.apollonlibrarysuites.com\/es\/wp-json\/wp\/v2\/comments?post=1216"}],"version-history":[{"count":9,"href":"https:\/\/www.apollonlibrarysuites.com\/es\/wp-json\/wp\/v2\/pages\/1216\/revisions"}],"predecessor-version":[{"id":1711,"href":"https:\/\/www.apollonlibrarysuites.com\/es\/wp-json\/wp\/v2\/pages\/1216\/revisions\/1711"}],"wp:attachment":[{"href":"https:\/\/www.apollonlibrarysuites.com\/es\/wp-json\/wp\/v2\/media?parent=1216"}],"curies":[{"name":"wp","href":"https:\/\/api.w.org\/{rel}","templated":true}]}}