{"id":1274,"date":"2018-05-17T18:44:49","date_gmt":"2018-05-17T18:44:49","guid":{"rendered":"https:\/\/www.apollonlibrarysuites.com\/accommodation\/"},"modified":"2025-05-13T23:44:38","modified_gmt":"2025-05-13T20:44:38","slug":"sejour","status":"publish","type":"page","link":"https:\/\/www.apollonlibrarysuites.com\/fr\/sejour\/","title":{"rendered":"S\u00e9jour"},"content":{"rendered":"<p>[et_pb_section fb_built=\u00a0\u00bb1&Prime; _builder_version=\u00a0\u00bb4.27.4&Prime; background_image=\u00a0\u00bbhttps:\/\/www.apollonlibrarysuites.com\/wp-content\/uploads\/2025\/05\/accomodation.jpg\u00a0\u00bb custom_padding=\u00a0\u00bb80px||80px|\u00a0\u00bb hover_enabled=\u00a0\u00bb0&Prime; global_colors_info=\u00a0\u00bb{}\u00a0\u00bb title_text=\u00a0\u00bbaccomodation\u00a0\u00bb sticky_enabled=\u00a0\u00bb0&Prime;][et_pb_row _builder_version=\u00a0\u00bb4.16&Prime; background_size=\u00a0\u00bbinitial\u00a0\u00bb background_position=\u00a0\u00bbtop_left\u00a0\u00bb background_repeat=\u00a0\u00bbrepeat\u00a0\u00bb global_colors_info=\u00a0\u00bb{}\u00a0\u00bb][et_pb_column type=\u00a0\u00bb4_4&Prime; _builder_version=\u00a0\u00bb4.16&Prime; custom_padding=\u00a0\u00bb|||\u00a0\u00bb global_colors_info=\u00a0\u00bb{}\u00a0\u00bb custom_padding__hover=\u00a0\u00bb|||\u00a0\u00bb][et_pb_text _builder_version=\u00a0\u00bb4.16&Prime; text_font=\u00a0\u00bbRoboto Condensed|700||on|||||\u00a0\u00bb text_text_color=\u00a0\u00bb#ffffff\u00a0\u00bb text_font_size=\u00a0\u00bb48px\u00a0\u00bb text_letter_spacing=\u00a0\u00bb5px\u00a0\u00bb text_line_height=\u00a0\u00bb48px\u00a0\u00bb text_orientation=\u00a0\u00bbcenter\u00a0\u00bb custom_padding=\u00a0\u00bb100px||200px|\u00a0\u00bb text_font_size_tablet=\u00a0\u00bb36px\u00a0\u00bb text_font_size_phone=\u00a0\u00bb\u00a0\u00bb text_font_size_last_edited=\u00a0\u00bbon|desktop\u00a0\u00bb text_line_height_tablet=\u00a0\u00bb36px\u00a0\u00bb text_line_height_phone=\u00a0\u00bb\u00a0\u00bb text_line_height_last_edited=\u00a0\u00bbon|desktop\u00a0\u00bb text_text_shadow_style=\u00a0\u00bbpreset1&Prime; global_colors_info=\u00a0\u00bb{}\u00a0\u00bb]S\u00c9JOUR<br \/>\n[\/et_pb_text][\/et_pb_column][\/et_pb_row][\/et_pb_section][et_pb_section fb_built=\u00a0\u00bb1&Prime; _builder_version=\u00a0\u00bb4.16&Prime; global_colors_info=\u00a0\u00bb{}\u00a0\u00bb][et_pb_row _builder_version=\u00a0\u00bb4.16&Prime; global_colors_info=\u00a0\u00bb{}\u00a0\u00bb][et_pb_column type=\u00a0\u00bb4_4&Prime; _builder_version=\u00a0\u00bb4.16&Prime; custom_padding=\u00a0\u00bb|||\u00a0\u00bb global_colors_info=\u00a0\u00bb{}\u00a0\u00bb custom_padding__hover=\u00a0\u00bb|||\u00a0\u00bb][et_pb_text _builder_version=\u00a0\u00bb4.16&Prime; text_font=\u00a0\u00bbRoboto Mono||||||||\u00a0\u00bb text_font_size=\u00a0\u00bb16px\u00a0\u00bb text_orientation=\u00a0\u00bbcenter\u00a0\u00bb global_colors_info=\u00a0\u00bb{}\u00a0\u00bb]\u00ab V\u00d4TRE S\u00c9JOUR \u00c0 L\u00c9PANTE: UN&rsquo;EXP\u00c9RIENCE UNIQUE! \u00ab<br \/>\n[\/et_pb_text][\/et_pb_column][\/et_pb_row][et_pb_row _builder_version=\u00a0\u00bb4.16&Prime; animation_style=\u00a0\u00bbslide\u00a0\u00bb global_colors_info=\u00a0\u00bb{}\u00a0\u00bb][et_pb_column type=\u00a0\u00bb4_4&Prime; _builder_version=\u00a0\u00bb4.16&Prime; custom_padding=\u00a0\u00bb|||\u00a0\u00bb global_colors_info=\u00a0\u00bb{}\u00a0\u00bb custom_padding__hover=\u00a0\u00bb|||\u00a0\u00bb][et_pb_text admin_label=\u00a0\u00bbACCOMMODATION\u00a0\u00bb _builder_version=\u00a0\u00bb4.16&Prime; text_font=\u00a0\u00bbRoboto Mono||||||||\u00a0\u00bb header_2_font=\u00a0\u00bbRoboto Condensed|||on|||||\u00a0\u00bb header_2_text_align=\u00a0\u00bbcenter\u00a0\u00bb header_2_text_color=\u00a0\u00bb#87764e\u00a0\u00bb header_2_font_size=\u00a0\u00bb36px\u00a0\u00bb text_orientation=\u00a0\u00bbcenter\u00a0\u00bb header_2_font_size_tablet=\u00a0\u00bb28px\u00a0\u00bb header_2_font_size_phone=\u00a0\u00bb\u00a0\u00bb header_2_font_size_last_edited=\u00a0\u00bbon|tablet\u00a0\u00bb global_colors_info=\u00a0\u00bb{}\u00a0\u00bb]<\/p>\n<h2>S\u00c9JOUR<\/h2>\n<p>[\/et_pb_text][et_pb_text _builder_version=\u00a0\u00bb4.16&Prime; text_font=\u00a0\u00bbRoboto Mono||||||||\u00a0\u00bb global_colors_info=\u00a0\u00bb{}\u00a0\u00bb]<\/p>\n<p>Pour votre s\u00e9jour \u00e0 L\u00e9pante, l&rsquo;Apollon Library Suites propose des suites doubles, triples et quadruples, compos\u00e9es de deux chambres. \u00c9l\u00e9gantes et confortables, les suites ont \u00e9t\u00e9 con\u00e7ues par un cabinet d&rsquo;architectes de renomm\u00e9e mondiale et mesurent environ de 35 \u00e0 45 m\u00e8tres carr\u00e9s. D\u00e9cor\u00e9s avec go\u00fbt, avec meubles sur-mesure et des d\u00e9tails avant-gardistes, elles ont une cuisine enti\u00e8rement \u00e9quip\u00e9e et de grands armoires. Les suites de deux chambres, id\u00e9ales pour les familles mais aussi pour les groupes d&rsquo;amis, se composent d&rsquo;une chambre avec un lit double queen-size et d&rsquo;un salon-cuisine avec un canap\u00e9-lit pouvant accueillir jusqu&rsquo;\u00e0 1 adulte ou 2 enfants jusqu&rsquo;\u00e0 12 ans. La salle de bain, avec sa cabine de douche en verre, en plus, est l\u2019expression de l&rsquo;\u00e9l\u00e9gance esth\u00e9tique des accessoires.<\/p>\n<p>Le s\u00e9jour \u00e0 l&rsquo;Apollon Library Suites s&rsquo;accompagne d&rsquo;un service discret et amical: il propose, selon disponibilit\u00e9s, un enregistrement anticip\u00e9 et un d\u00e9part tardif. Avec nos oreillers et nos draps parfum\u00e9s vous aurez envie de rester au lit autant que possible; c&rsquo;est pourquoi nous servons notre d\u00e9licieux petit-d\u00e9jeuner grec traditionnel jusqu&rsquo;\u00e0 11:00h!<\/p>\n<p>[\/et_pb_text][\/et_pb_column][\/et_pb_row][\/et_pb_section][et_pb_section fb_built=\u00a0\u00bb1&Prime; _builder_version=\u00a0\u00bb4.16&Prime; animation_style=\u00a0\u00bbfade\u00a0\u00bb global_colors_info=\u00a0\u00bb{}\u00a0\u00bb][et_pb_row _builder_version=\u00a0\u00bb4.16&Prime; global_colors_info=\u00a0\u00bb{}\u00a0\u00bb][et_pb_column type=\u00a0\u00bb4_4&Prime; _builder_version=\u00a0\u00bb4.16&Prime; custom_padding=\u00a0\u00bb|||\u00a0\u00bb global_colors_info=\u00a0\u00bb{}\u00a0\u00bb custom_padding__hover=\u00a0\u00bb|||\u00a0\u00bb][et_pb_divider color=\u00a0\u00bb#707070&Prime; _builder_version=\u00a0\u00bb4.16&Prime; height=\u00a0\u00bb1px\u00a0\u00bb custom_margin=\u00a0\u00bb20px||20px|\u00a0\u00bb custom_margin_tablet=\u00a0\u00bb0px||0px|\u00a0\u00bb custom_margin_phone=\u00a0\u00bb\u00a0\u00bb custom_margin_last_edited=\u00a0\u00bbon|phone\u00a0\u00bb custom_padding=\u00a0\u00bb0px||0px|\u00a0\u00bb global_colors_info=\u00a0\u00bb{}\u00a0\u00bb][\/et_pb_divider][\/et_pb_column][\/et_pb_row][\/et_pb_section][et_pb_section fb_built=\u00a0\u00bb1&Prime; disabled_on=\u00a0\u00bbon|on|\u00a0\u00bb _builder_version=\u00a0\u00bb4.16&Prime; global_colors_info=\u00a0\u00bb{}\u00a0\u00bb][et_pb_row _builder_version=\u00a0\u00bb4.16&Prime; global_colors_info=\u00a0\u00bb{}\u00a0\u00bb column_structure=\u00a0\u00bb1_3,2_3&Prime;][et_pb_column type=\u00a0\u00bb1_3&Prime; _builder_version=\u00a0\u00bb4.16&Prime; custom_padding=\u00a0\u00bb|||\u00a0\u00bb custom_css_main_element=\u00a0\u00bbz-index:10;\u00a0\u00bb global_colors_info=\u00a0\u00bb{}\u00a0\u00bb custom_padding__hover=\u00a0\u00bb|||\u00a0\u00bb][et_pb_text disabled_on=\u00a0\u00bboff|off|\u00a0\u00bb _builder_version=\u00a0\u00bb4.16&Prime; text_font=\u00a0\u00bbRoboto Mono||||||||\u00a0\u00bb background_color=\u00a0\u00bbrgba(255,255,255,0.7)\u00a0\u00bb custom_margin=\u00a0\u00bb20px|-300px||\u00a0\u00bb custom_margin_tablet=\u00a0\u00bb0px|0px||0px\u00a0\u00bb custom_margin_phone=\u00a0\u00bb\u00a0\u00bb custom_margin_last_edited=\u00a0\u00bbon|desktop\u00a0\u00bb custom_padding=\u00a0\u00bb20px|20px|20px|20px\u00a0\u00bb animation_style=\u00a0\u00bbslide\u00a0\u00bb animation_direction=\u00a0\u00bbleft\u00a0\u00bb global_colors_info=\u00a0\u00bb{}\u00a0\u00bb]<\/p>\n<h3><strong>Suite Duplex<\/strong><\/h3>\n<p>Deux suites de 45 m\u00b2 avec une chambre et une sale de sejour s\u00e9par\u00e9s, un confortable lit double queen-size et un canap\u00e9-lit.<\/p>\n<p><strong>Service de chambre:<\/strong><\/p>\n<ul>\n<li>Climatisation<\/li>\n<li>Salle de bain moderne avec douche<\/li>\n<li>Coin cuisine<\/li>\n<li>R\u00e9frig\u00e9rateur<\/li>\n<li>Bouilloire \u00e9lectrique<\/li>\n<li>TV \u00e0 \u00e9cran plat<\/li>\n<li>Mini-bar<\/li>\n<li>Coffre fort<\/li>\n<li>Livres<\/li>\n<\/ul>\n<p style=\"text-align: right; margin-top: -40px;\"><a class=\"et_pb_button et_pb_module et_pb_button_0 et_pb_bg_layout_light\" href=\"https:\/\/apollonlibrarysuites.reserve-online.net\/\">R\u00c9SERVEZ<\/a><\/p>\n<p>[\/et_pb_text][\/et_pb_column][et_pb_column type=\u00a0\u00bb2_3&Prime; _builder_version=\u00a0\u00bb4.16&Prime; custom_padding=\u00a0\u00bb|||\u00a0\u00bb global_colors_info=\u00a0\u00bb{}\u00a0\u00bb custom_padding__hover=\u00a0\u00bb|||\u00a0\u00bb][et_pb_gallery gallery_ids=\u00a0\u00bb414&Prime; fullwidth=\u00a0\u00bbon\u00a0\u00bb admin_label=\u00a0\u00bbDouble Suite &#8211; Desktop\u00a0\u00bb _builder_version=\u00a0\u00bb4.16&Prime; animation_style=\u00a0\u00bbslide\u00a0\u00bb animation_direction=\u00a0\u00bbright\u00a0\u00bb box_shadow_style=\u00a0\u00bbpreset1&Prime; global_colors_info=\u00a0\u00bb{}\u00a0\u00bb][\/et_pb_gallery][\/et_pb_column][\/et_pb_row][\/et_pb_section][et_pb_section fb_built=\u00a0\u00bb1&Prime; disabled_on=\u00a0\u00bboff|off|on\u00a0\u00bb _builder_version=\u00a0\u00bb4.16&Prime; global_colors_info=\u00a0\u00bb{}\u00a0\u00bb][et_pb_row _builder_version=\u00a0\u00bb4.16&Prime; global_colors_info=\u00a0\u00bb{}\u00a0\u00bb column_structure=\u00a0\u00bb1_2,1_2&Prime;][et_pb_column type=\u00a0\u00bb1_2&Prime; _builder_version=\u00a0\u00bb4.16&Prime; custom_padding=\u00a0\u00bb|||\u00a0\u00bb custom_css_main_element=\u00a0\u00bbz-index:10;\u00a0\u00bb global_colors_info=\u00a0\u00bb{}\u00a0\u00bb custom_padding__hover=\u00a0\u00bb|||\u00a0\u00bb][et_pb_gallery gallery_ids=\u00a0\u00bb414&Prime; fullwidth=\u00a0\u00bbon\u00a0\u00bb admin_label=\u00a0\u00bbDouble Suite &#8211; Mobile\u00a0\u00bb _builder_version=\u00a0\u00bb4.16&Prime; animation_style=\u00a0\u00bbslide\u00a0\u00bb animation_direction=\u00a0\u00bbright\u00a0\u00bb box_shadow_style=\u00a0\u00bbpreset1&Prime; global_colors_info=\u00a0\u00bb{}\u00a0\u00bb][\/et_pb_gallery][\/et_pb_column][et_pb_column type=\u00a0\u00bb1_2&Prime; _builder_version=\u00a0\u00bb4.16&Prime; custom_padding=\u00a0\u00bb|||\u00a0\u00bb global_colors_info=\u00a0\u00bb{}\u00a0\u00bb custom_padding__hover=\u00a0\u00bb|||\u00a0\u00bb][et_pb_text disabled_on=\u00a0\u00bboff|off|on\u00a0\u00bb _builder_version=\u00a0\u00bb4.16&Prime; text_font=\u00a0\u00bbRoboto Mono||||||||\u00a0\u00bb background_color=\u00a0\u00bbrgba(255,255,255,0.7)\u00a0\u00bb custom_margin=\u00a0\u00bb20px|||\u00a0\u00bb custom_margin_tablet=\u00a0\u00bb0px|0px||0px\u00a0\u00bb custom_margin_phone=\u00a0\u00bb\u00a0\u00bb custom_margin_last_edited=\u00a0\u00bbon|tablet\u00a0\u00bb custom_padding=\u00a0\u00bb20px|20px|20px|20px\u00a0\u00bb animation_style=\u00a0\u00bbslide\u00a0\u00bb animation_direction=\u00a0\u00bbleft\u00a0\u00bb global_colors_info=\u00a0\u00bb{}\u00a0\u00bb]<\/p>\n<h3><strong>Suite Duplex<\/strong><\/h3>\n<p>Deux suites de 45 m\u00b2 avec une chambre et une sale de sejour s\u00e9par\u00e9s, un confortable lit double queen-size et un canap\u00e9-lit.<\/p>\n<p><strong>Service de chambre:<\/strong><\/p>\n<ul>\n<li>Climatisation<\/li>\n<li>Salle de bain moderne avec douche<\/li>\n<li>Coin cuisine<\/li>\n<li>R\u00e9frig\u00e9rateur<\/li>\n<li>Bouilloire \u00e9lectrique<\/li>\n<li>TV \u00e0 \u00e9cran plat<\/li>\n<li>Mini-bar<\/li>\n<li>Coffre fort<\/li>\n<li>Livres<\/li>\n<\/ul>\n<p style=\"text-align: right; margin-top: -40px;\"><a class=\"et_pb_button et_pb_module et_pb_button_0 et_pb_bg_layout_light\" href=\"https:\/\/apollonlibrarysuites.reserve-online.net\/\">R\u00c9SERVEZ<\/a><\/p>\n<p>[\/et_pb_text][\/et_pb_column][\/et_pb_row][\/et_pb_section][et_pb_section fb_built=\u00a0\u00bb1&Prime; _builder_version=\u00a0\u00bb4.16&Prime; animation_style=\u00a0\u00bbfade\u00a0\u00bb global_colors_info=\u00a0\u00bb{}\u00a0\u00bb][et_pb_row _builder_version=\u00a0\u00bb4.16&Prime; global_colors_info=\u00a0\u00bb{}\u00a0\u00bb][et_pb_column type=\u00a0\u00bb4_4&Prime; _builder_version=\u00a0\u00bb4.16&Prime; custom_padding=\u00a0\u00bb|||\u00a0\u00bb global_colors_info=\u00a0\u00bb{}\u00a0\u00bb custom_padding__hover=\u00a0\u00bb|||\u00a0\u00bb][et_pb_divider color=\u00a0\u00bb#707070&Prime; _builder_version=\u00a0\u00bb4.16&Prime; height=\u00a0\u00bb1px\u00a0\u00bb custom_margin=\u00a0\u00bb20px||20px|\u00a0\u00bb custom_margin_tablet=\u00a0\u00bb0px||0px|\u00a0\u00bb custom_margin_phone=\u00a0\u00bb\u00a0\u00bb custom_margin_last_edited=\u00a0\u00bbon|phone\u00a0\u00bb custom_padding=\u00a0\u00bb0px||0px|\u00a0\u00bb global_colors_info=\u00a0\u00bb{}\u00a0\u00bb][\/et_pb_divider][\/et_pb_column][\/et_pb_row][\/et_pb_section][et_pb_section fb_built=\u00a0\u00bb1&Prime; _builder_version=\u00a0\u00bb4.16&Prime; custom_margin=\u00a0\u00bb0px|||\u00a0\u00bb custom_padding=\u00a0\u00bb0px||60px|\u00a0\u00bb global_colors_info=\u00a0\u00bb{}\u00a0\u00bb][et_pb_row disabled_on=\u00a0\u00bbon|on|\u00a0\u00bb _builder_version=\u00a0\u00bb4.16&Prime; global_colors_info=\u00a0\u00bb{}\u00a0\u00bb column_structure=\u00a0\u00bb1_3,2_3&Prime;][et_pb_column type=\u00a0\u00bb1_3&Prime; _builder_version=\u00a0\u00bb4.16&Prime; custom_padding=\u00a0\u00bb0px|||\u00a0\u00bb custom_css_main_element=\u00a0\u00bbz-index:10;\u00a0\u00bb global_colors_info=\u00a0\u00bb{}\u00a0\u00bb custom_padding__hover=\u00a0\u00bb|||\u00a0\u00bb][et_pb_text disabled_on=\u00a0\u00bboff|off|\u00a0\u00bb _builder_version=\u00a0\u00bb4.16&Prime; text_font=\u00a0\u00bbRoboto Mono||||||||\u00a0\u00bb background_color=\u00a0\u00bbrgba(255,255,255,0.7)\u00a0\u00bb custom_margin=\u00a0\u00bb30px|-300px||\u00a0\u00bb custom_margin_tablet=\u00a0\u00bb50px|||\u00a0\u00bb custom_margin_phone=\u00a0\u00bb\u00a0\u00bb custom_margin_last_edited=\u00a0\u00bbon|desktop\u00a0\u00bb custom_padding=\u00a0\u00bb20px|20px|20px|20px\u00a0\u00bb animation_style=\u00a0\u00bbslide\u00a0\u00bb animation_direction=\u00a0\u00bbleft\u00a0\u00bb global_colors_info=\u00a0\u00bb{}\u00a0\u00bb]<\/p>\n<h3><strong>Suite double standard<\/strong><\/h3>\n<p>Suite de 35 m\u00b2 en espace ouvert. Lit Queen-size confortable et coin salon.<br \/>\n<strong>Service de chambre:<\/strong><\/p>\n<ul>\n<li>Climatisation<\/li>\n<li>Salle de bain moderne avec douche<\/li>\n<li>Coin cuisine<\/li>\n<li>R\u00e9frig\u00e9rateur<\/li>\n<li>Bouilloire \u00e9lectrique<\/li>\n<li>TV \u00e0 \u00e9cran plat<\/li>\n<li>Mini-bar<\/li>\n<li>Safe box<\/li>\n<li>Coffre fort<\/li>\n<\/ul>\n<p style=\"text-align: right; margin-top: -40px;\"><a class=\"et_pb_button et_pb_module et_pb_button_0 et_pb_bg_layout_light\" href=\"https:\/\/apollonlibrarysuites.reserve-online.net\/\">R\u00c9SERVEZ<\/a><\/p>\n<p>[\/et_pb_text][\/et_pb_column][et_pb_column type=\u00a0\u00bb2_3&Prime; _builder_version=\u00a0\u00bb4.16&Prime; custom_padding=\u00a0\u00bb0px|||\u00a0\u00bb global_colors_info=\u00a0\u00bb{}\u00a0\u00bb custom_padding__hover=\u00a0\u00bb|||\u00a0\u00bb][et_pb_gallery gallery_ids=\u00a0\u00bb416&Prime; fullwidth=\u00a0\u00bbon\u00a0\u00bb admin_label=\u00a0\u00bbStandard Suite &#8211; Desktop\u00a0\u00bb _builder_version=\u00a0\u00bb4.16&Prime; animation_style=\u00a0\u00bbslide\u00a0\u00bb animation_direction=\u00a0\u00bbright\u00a0\u00bb box_shadow_style=\u00a0\u00bbpreset1&Prime; global_colors_info=\u00a0\u00bb{}\u00a0\u00bb][\/et_pb_gallery][\/et_pb_column][\/et_pb_row][\/et_pb_section][et_pb_section fb_built=\u00a0\u00bb1&Prime; _builder_version=\u00a0\u00bb4.16&Prime; custom_margin=\u00a0\u00bb0px|||\u00a0\u00bb custom_padding=\u00a0\u00bb0px|||\u00a0\u00bb global_colors_info=\u00a0\u00bb{}\u00a0\u00bb][et_pb_row disabled_on=\u00a0\u00bb||on\u00a0\u00bb _builder_version=\u00a0\u00bb4.16&Prime; global_colors_info=\u00a0\u00bb{}\u00a0\u00bb column_structure=\u00a0\u00bb1_2,1_2&Prime;][et_pb_column type=\u00a0\u00bb1_2&Prime; _builder_version=\u00a0\u00bb4.16&Prime; custom_padding=\u00a0\u00bb0px||0px|\u00a0\u00bb custom_css_main_element=\u00a0\u00bbz-index:10;\u00a0\u00bb global_colors_info=\u00a0\u00bb{}\u00a0\u00bb custom_padding__hover=\u00a0\u00bb|||\u00a0\u00bb][et_pb_gallery gallery_ids=\u00a0\u00bb416&Prime; fullwidth=\u00a0\u00bbon\u00a0\u00bb admin_label=\u00a0\u00bbStandard Suite &#8211; Mobile\u00a0\u00bb _builder_version=\u00a0\u00bb4.16&Prime; animation_style=\u00a0\u00bbslide\u00a0\u00bb animation_direction=\u00a0\u00bbright\u00a0\u00bb box_shadow_style=\u00a0\u00bbpreset1&Prime; global_colors_info=\u00a0\u00bb{}\u00a0\u00bb][\/et_pb_gallery][\/et_pb_column][et_pb_column type=\u00a0\u00bb1_2&Prime; _builder_version=\u00a0\u00bb4.16&Prime; custom_padding=\u00a0\u00bb0px||0px|\u00a0\u00bb global_colors_info=\u00a0\u00bb{}\u00a0\u00bb custom_padding__hover=\u00a0\u00bb|||\u00a0\u00bb][et_pb_text disabled_on=\u00a0\u00bboff|off|\u00a0\u00bb _builder_version=\u00a0\u00bb4.16&Prime; text_font=\u00a0\u00bbRoboto Mono||||||||\u00a0\u00bb background_color=\u00a0\u00bbrgba(255,255,255,0.7)\u00a0\u00bb custom_margin_tablet=\u00a0\u00bb50px|0px||0px\u00a0\u00bb custom_margin_phone=\u00a0\u00bb\u00a0\u00bb custom_margin_last_edited=\u00a0\u00bbon|tablet\u00a0\u00bb custom_padding=\u00a0\u00bb20px|20px|20px|20px\u00a0\u00bb animation_style=\u00a0\u00bbslide\u00a0\u00bb animation_direction=\u00a0\u00bbleft\u00a0\u00bb global_colors_info=\u00a0\u00bb{}\u00a0\u00bb]<\/p>\n<h3><strong>Suite double standard<\/strong><\/h3>\n<p>Suite de 35 m\u00b2 en espace ouvert. Lit Queen-size confortable et coin salon.<br \/>\n<strong>Service de chambre:<\/strong><\/p>\n<ul>\n<li>Climatisation<\/li>\n<li>Salle de bain moderne avec douche<\/li>\n<li>Coin cuisine<\/li>\n<li>R\u00e9frig\u00e9rateur<\/li>\n<li>Bouilloire \u00e9lectrique<\/li>\n<li>TV \u00e0 \u00e9cran plat<\/li>\n<li>Mini-bar<\/li>\n<li>Safe box<\/li>\n<li>Coffre fort<\/li>\n<\/ul>\n<p style=\"text-align: right; margin-top: -40px;\"><a class=\"et_pb_button et_pb_module et_pb_button_0 et_pb_bg_layout_light\" href=\"https:\/\/apollonlibrarysuites.reserve-online.net\/\">R\u00c9SERVEZ<\/a><\/p>\n<p>[\/et_pb_text][\/et_pb_column][\/et_pb_row][\/et_pb_section]<\/p>\n","protected":false},"excerpt":{"rendered":"<p>S\u00c9JOUR \u00ab V\u00d4TRE S\u00c9JOUR \u00c0 L\u00c9PANTE: UN&rsquo;EXP\u00c9RIENCE UNIQUE! \u00ab S\u00c9JOUR Pour votre s\u00e9jour \u00e0 L\u00e9pante, l&rsquo;Apollon Library Suites propose des suites doubles, triples et quadruples, compos\u00e9es de deux chambres. \u00c9l\u00e9gantes et confortables, les suites ont \u00e9t\u00e9 con\u00e7ues par un cabinet d&rsquo;architectes de renomm\u00e9e mondiale et mesurent environ de 35 \u00e0 45 m\u00e8tres carr\u00e9s. D\u00e9cor\u00e9s avec [&hellip;]<\/p>\n","protected":false},"author":1,"featured_media":0,"parent":0,"menu_order":0,"comment_status":"closed","ping_status":"closed","template":"","meta":{"_et_pb_use_builder":"on","_et_pb_old_content":"[et_pb_section bb_built=\"1\"][et_pb_row][et_pb_column type=\"4_4\"][et_pb_image _builder_version=\"3.2.2\" src=\"http:\/\/88.99.129.155\/wp-content\/uploads\/2018\/05\/14_accommodation.jpg\" \/][\/et_pb_column][\/et_pb_row][\/et_pb_section]","_et_gb_content_width":"","footnotes":""},"class_list":["post-1274","page","type-page","status-publish","hentry"],"yoast_head":"<!-- This site is optimized with the Yoast SEO Premium plugin v24.6 (Yoast SEO v24.7) - https:\/\/yoast.com\/wordpress\/plugins\/seo\/ -->\n<title>S\u00e9jour - Apollon<\/title>\n<meta name=\"robots\" content=\"index, follow, max-snippet:-1, max-image-preview:large, max-video-preview:-1\" \/>\n<link rel=\"canonical\" href=\"https:\/\/www.apollonlibrarysuites.com\/fr\/sejour\/\" \/>\n<meta property=\"og:locale\" content=\"fr_FR\" \/>\n<meta property=\"og:type\" content=\"article\" \/>\n<meta property=\"og:title\" content=\"S\u00e9jour\" \/>\n<meta property=\"og:description\" content=\"S\u00c9JOUR \u00ab V\u00d4TRE S\u00c9JOUR \u00c0 L\u00c9PANTE: UN&#039;EXP\u00c9RIENCE UNIQUE! \u00ab S\u00c9JOUR Pour votre s\u00e9jour \u00e0 L\u00e9pante, l&#039;Apollon Library Suites propose des suites doubles, triples et quadruples, compos\u00e9es de deux chambres. \u00c9l\u00e9gantes et confortables, les suites ont \u00e9t\u00e9 con\u00e7ues par un cabinet d&#039;architectes de renomm\u00e9e mondiale et mesurent environ de 35 \u00e0 45 m\u00e8tres carr\u00e9s. D\u00e9cor\u00e9s avec [&hellip;]\" \/>\n<meta property=\"og:url\" content=\"https:\/\/www.apollonlibrarysuites.com\/fr\/sejour\/\" \/>\n<meta property=\"og:site_name\" content=\"Apollon\" \/>\n<meta property=\"article:modified_time\" content=\"2025-05-13T20:44:38+00:00\" \/>\n<meta property=\"og:image\" content=\"https:\/\/www.apollonlibrarysuites.com\/wp-content\/uploads\/2018\/05\/STANDARD_SUIT.jpg\" \/>\n<meta name=\"twitter:card\" content=\"summary_large_image\" \/>\n<meta name=\"twitter:label1\" content=\"Dur\u00e9e de lecture estim\u00e9e\" \/>\n\t<meta name=\"twitter:data1\" content=\"7 minutes\" \/>\n<script type=\"application\/ld+json\" class=\"yoast-schema-graph\">{\"@context\":\"https:\/\/schema.org\",\"@graph\":[{\"@type\":\"WebPage\",\"@id\":\"https:\/\/www.apollonlibrarysuites.com\/fr\/sejour\/\",\"url\":\"https:\/\/www.apollonlibrarysuites.com\/fr\/sejour\/\",\"name\":\"S\u00e9jour - Apollon\",\"isPartOf\":{\"@id\":\"https:\/\/www.apollonlibrarysuites.com\/fr\/#website\"},\"datePublished\":\"2018-05-17T18:44:49+00:00\",\"dateModified\":\"2025-05-13T20:44:38+00:00\",\"breadcrumb\":{\"@id\":\"https:\/\/www.apollonlibrarysuites.com\/fr\/sejour\/#breadcrumb\"},\"inLanguage\":\"fr-FR\",\"potentialAction\":[{\"@type\":\"ReadAction\",\"target\":[\"https:\/\/www.apollonlibrarysuites.com\/fr\/sejour\/\"]}]},{\"@type\":\"BreadcrumbList\",\"@id\":\"https:\/\/www.apollonlibrarysuites.com\/fr\/sejour\/#breadcrumb\",\"itemListElement\":[{\"@type\":\"ListItem\",\"position\":1,\"name\":\"Home\",\"item\":\"https:\/\/www.apollonlibrarysuites.com\/fr\/\"},{\"@type\":\"ListItem\",\"position\":2,\"name\":\"S\u00e9jour\"}]},{\"@type\":\"WebSite\",\"@id\":\"https:\/\/www.apollonlibrarysuites.com\/fr\/#website\",\"url\":\"https:\/\/www.apollonlibrarysuites.com\/fr\/\",\"name\":\"Apollon\",\"description\":\"Library Suites\",\"potentialAction\":[{\"@type\":\"SearchAction\",\"target\":{\"@type\":\"EntryPoint\",\"urlTemplate\":\"https:\/\/www.apollonlibrarysuites.com\/fr\/?s={search_term_string}\"},\"query-input\":{\"@type\":\"PropertyValueSpecification\",\"valueRequired\":true,\"valueName\":\"search_term_string\"}}],\"inLanguage\":\"fr-FR\"}]}<\/script>\n<!-- \/ Yoast SEO Premium plugin. -->","yoast_head_json":{"title":"S\u00e9jour - Apollon","robots":{"index":"index","follow":"follow","max-snippet":"max-snippet:-1","max-image-preview":"max-image-preview:large","max-video-preview":"max-video-preview:-1"},"canonical":"https:\/\/www.apollonlibrarysuites.com\/fr\/sejour\/","og_locale":"fr_FR","og_type":"article","og_title":"S\u00e9jour","og_description":"S\u00c9JOUR \u00ab V\u00d4TRE S\u00c9JOUR \u00c0 L\u00c9PANTE: UN'EXP\u00c9RIENCE UNIQUE! \u00ab S\u00c9JOUR Pour votre s\u00e9jour \u00e0 L\u00e9pante, l'Apollon Library Suites propose des suites doubles, triples et quadruples, compos\u00e9es de deux chambres. \u00c9l\u00e9gantes et confortables, les suites ont \u00e9t\u00e9 con\u00e7ues par un cabinet d'architectes de renomm\u00e9e mondiale et mesurent environ de 35 \u00e0 45 m\u00e8tres carr\u00e9s. D\u00e9cor\u00e9s avec [&hellip;]","og_url":"https:\/\/www.apollonlibrarysuites.com\/fr\/sejour\/","og_site_name":"Apollon","article_modified_time":"2025-05-13T20:44:38+00:00","og_image":[{"url":"https:\/\/www.apollonlibrarysuites.com\/wp-content\/uploads\/2018\/05\/STANDARD_SUIT.jpg","type":"","width":"","height":""}],"twitter_card":"summary_large_image","twitter_misc":{"Dur\u00e9e de lecture estim\u00e9e":"7 minutes"},"schema":{"@context":"https:\/\/schema.org","@graph":[{"@type":"WebPage","@id":"https:\/\/www.apollonlibrarysuites.com\/fr\/sejour\/","url":"https:\/\/www.apollonlibrarysuites.com\/fr\/sejour\/","name":"S\u00e9jour - Apollon","isPartOf":{"@id":"https:\/\/www.apollonlibrarysuites.com\/fr\/#website"},"datePublished":"2018-05-17T18:44:49+00:00","dateModified":"2025-05-13T20:44:38+00:00","breadcrumb":{"@id":"https:\/\/www.apollonlibrarysuites.com\/fr\/sejour\/#breadcrumb"},"inLanguage":"fr-FR","potentialAction":[{"@type":"ReadAction","target":["https:\/\/www.apollonlibrarysuites.com\/fr\/sejour\/"]}]},{"@type":"BreadcrumbList","@id":"https:\/\/www.apollonlibrarysuites.com\/fr\/sejour\/#breadcrumb","itemListElement":[{"@type":"ListItem","position":1,"name":"Home","item":"https:\/\/www.apollonlibrarysuites.com\/fr\/"},{"@type":"ListItem","position":2,"name":"S\u00e9jour"}]},{"@type":"WebSite","@id":"https:\/\/www.apollonlibrarysuites.com\/fr\/#website","url":"https:\/\/www.apollonlibrarysuites.com\/fr\/","name":"Apollon","description":"Library Suites","potentialAction":[{"@type":"SearchAction","target":{"@type":"EntryPoint","urlTemplate":"https:\/\/www.apollonlibrarysuites.com\/fr\/?s={search_term_string}"},"query-input":{"@type":"PropertyValueSpecification","valueRequired":true,"valueName":"search_term_string"}}],"inLanguage":"fr-FR"}]}},"_links":{"self":[{"href":"https:\/\/www.apollonlibrarysuites.com\/fr\/wp-json\/wp\/v2\/pages\/1274","targetHints":{"allow":["GET"]}}],"collection":[{"href":"https:\/\/www.apollonlibrarysuites.com\/fr\/wp-json\/wp\/v2\/pages"}],"about":[{"href":"https:\/\/www.apollonlibrarysuites.com\/fr\/wp-json\/wp\/v2\/types\/page"}],"author":[{"embeddable":true,"href":"https:\/\/www.apollonlibrarysuites.com\/fr\/wp-json\/wp\/v2\/users\/1"}],"replies":[{"embeddable":true,"href":"https:\/\/www.apollonlibrarysuites.com\/fr\/wp-json\/wp\/v2\/comments?post=1274"}],"version-history":[{"count":7,"href":"https:\/\/www.apollonlibrarysuites.com\/fr\/wp-json\/wp\/v2\/pages\/1274\/revisions"}],"predecessor-version":[{"id":1712,"href":"https:\/\/www.apollonlibrarysuites.com\/fr\/wp-json\/wp\/v2\/pages\/1274\/revisions\/1712"}],"wp:attachment":[{"href":"https:\/\/www.apollonlibrarysuites.com\/fr\/wp-json\/wp\/v2\/media?parent=1274"}],"curies":[{"name":"wp","href":"https:\/\/api.w.org\/{rel}","templated":true}]}}